{"id":31,"date":"2013-02-11T17:24:55","date_gmt":"2013-02-11T16:24:55","guid":{"rendered":"http:\/\/ruhago-impitagihe.com\/?page_id=31"},"modified":"2013-06-17T20:20:51","modified_gmt":"2013-06-17T18:20:51","slug":"amarushanwa-yibikombe-binyuranye-mu-rwanda","status":"publish","type":"page","link":"https:\/\/ruhago-impitagihe.com\/rw\/amarushanwa-yibikombe-binyuranye-mu-rwanda\/","title":{"rendered":"Amarushanwa y\u2019ibikombe binyuranye mu Rwanda"},"content":{"rendered":"<p><\/p>\n<h3>1. Igikombe cya Pasika<\/h3>\n<p>Dore uko amakipe yagiye atwara icyo gikombe :<\/p>\n<p>1980 : Mukura Victory sport.<\/p>\n<h3>2. Igikombe cya Pentec\u00f4te<\/h3>\n<p>Dore uko amakipe yagiye atwara icyo gikombe :<\/p>\n<p>1981 : Mukura Victory sport<\/p>\n<p>1982 : Mukura Victory sport<\/p>\n<p>1992\u00a0: Rayon Sport<\/p>\n<h3>3. Igikombe cy\u2019uwa gatanu Nyakanga abenshi bitaga\u00a0: \u00ab\u00a0Igikombe cy\u2019Umubyeyi\u00a0\u00bb<\/h3>\n<p>Irushanwa ry\u2019icyo gikombe ryari rikomeye kandi rikunzwe cyane mu Rwanda. Ryatangiye bwa mbere mu mwaka w\u2018i 1975, icyo gikombe cyari cyaritiriwe umukuru w\u2019igihugu w\u2019icyo gihe \u00ab\u00a0Nyakubahwa G\u00e9n\u00e9ral-Major HABYARIMANA Juv\u00e9nal\u00a0\u00bb (Reba ifoto)<\/p>\n<p style=\"text-align: center;\"><a href=\"http:\/\/ruhago-impitagihe.com\/wp-content\/uploads\/Habyarimana.jpg\"><img loading=\"lazy\" class=\"size-medium wp-image-398   aligncenter\" alt=\"HABYARIMANA Juv\u00e9nal\" src=\"http:\/\/ruhago-impitagihe.com\/wp-content\/uploads\/Habyarimana-256x300.jpg\" width=\"256\" height=\"300\" srcset=\"https:\/\/ruhago-impitagihe.com\/wp-content\/uploads\/Habyarimana-256x300.jpg 256w, https:\/\/ruhago-impitagihe.com\/wp-content\/uploads\/Habyarimana.jpg 385w\" sizes=\"(max-width: 256px) 100vw, 256px\" \/><\/a><\/p>\n<p>Umukino wa nyuma (bita final mu gifaransa) wabaga taliki ya 5 nyakanga ya buri mwaka, umunsi mu Rwanda hose bibukiragabo isabukuru y\u2019imyaka ya Repubulika ya kabili imaze ishinzwe. Ikindi kandi nuko ikipe yatwaraga icyo gikombe niyo yahagariraga u Rwanda mw\u2019irushanwa mpuzamahanga ry\u2019Afurika, ry\u2019amakipe yatwaye ibikombe byinshi iwabo, akandi karusho nuko kugirango icyo gikombe ugitware burundu, ikipe yagombaga kugitsindira byibuze inshuro eshatu.. Dore uko amakipe yagiye agitsindira :<\/p>\n<p>1975 : Kiyovu sport<\/p>\n<p>1976 : Rayon Sport<\/p>\n<p>1977 :\u00a0Ntago cyakiniwe<\/p>\n<p>1978 : Mukura niyo yegukanye icyo gikombe itsinze Rayon Sport ibitego 5 kuri 1<\/p>\n<p>1979 : Rayon Sport niyo yegukanye icyo gikombe itsinze Panth\u00e8res Noires ibitego 3 kuri 1<\/p>\n<p>1980 :\u00a0Panth\u00e8res Noires niyo yegukanye icyo gikombe itsinze Rayon Sport ibitego 2 kuri 1<\/p>\n<p>1981 : Panth\u00e8res Noires<\/p>\n<p>1982 : Rayon Sport niyo yegukanye icyo gikombe itsinze Panth\u00e8res igitego 1 ku busa kuri stade ya Camp Kigali. Bityo Rayon Sport iba iyambere mu gutwara burundu icyo gikombe, ndibuka abafana baririmba icyo gihe ngo : Rayon sport nziza, kimwe zero Rayon sport nziza,\u2026\u2026\u2026.<\/p>\n<p>1983 : Panth\u00e8res Noires<\/p>\n<p>1984 :\u00a0Panth\u00e8res Noires niyo yegukanye icyo gikombe itsinze Eclair Sport. Icyo gihe habaye ibintu bidasanzwe\u00a0: iminota 90 yarangiye amakipe yombi anganya 1 kuri 1, bongeraho iminota 30, birananirana amakipe yombi akomeza kunganya 1-1, byabaye ngombwa ko batera penaliti, maze amakipe yombi yinjiza penaliti 8 kuri 8, umusifizi yahise ahagarika gukomeza gutera izo penaliti kubera ko bwari bwije kandi nta matara yari ku bibuga icyo gihe.<\/p>\n<p>Uwo mukino waje gusubirwamo nyuma y\u2019icyumweru maze Panth\u00e8res Noires itsinda Eclair ibitego 2 kuri 0<\/p>\n<p>1985 : Kiyovu Sport niyo yegukanye icyo gikombe itsinze Etincelles ibitego 2 kuri 1kuri stade r\u00e9gional i Nyamirambo\u00a0(Reba ifoto hasi). Mbere yo kugera kuri uwo mukino wa nyuma ikipe ya Kiyovu yari yavanyemo biyigoye cyane ikipe ya Eclair sport mu mukino wa demi-final wabereye nawo kuri stade r\u00e9gional y\u2019i nyamirambo.<\/p>\n<div id=\"attachment_302\" style=\"width: 310px\" class=\"wp-caption aligncenter\"><a href=\"http:\/\/ruhago-impitagihe.com\/wp-content\/uploads\/KiyovuCoupe1.jpg\"><img aria-describedby=\"caption-attachment-302\" loading=\"lazy\" class=\"size-medium wp-image-302      \" title=\"Kiyovu Coupe 5 juillet 1985\" alt=\"Kiyovu Coupe 5 juillet 1985\" src=\"http:\/\/ruhago-impitagihe.com\/wp-content\/uploads\/KiyovuCoupe1-300x207.jpg\" width=\"300\" height=\"207\" srcset=\"https:\/\/ruhago-impitagihe.com\/wp-content\/uploads\/KiyovuCoupe1-300x207.jpg 300w, https:\/\/ruhago-impitagihe.com\/wp-content\/uploads\/KiyovuCoupe1.jpg 604w\" sizes=\"(max-width: 300px) 100vw, 300px\" \/><\/a><p id=\"caption-attachment-302\" class=\"wp-caption-text\">Taliki ya 5\/7\/1985, kuri Stade R\u00e9gionale Nyamirambo, bamwe mu bakinnyi ba Kiyovu bishimira igikombe \u00ab Troph\u00e9e HABYARIMANA Juv\u00e9nal \u00bb bari bamaze gutsindira. Uhereye iburyo ugana ibumoso : KARERA Hassan, MUVALA Valens (ufashe umufuniko w\u2019igikombe), GASHEREBUKA Bosco (wicaye akoze ku mupira), inyuma ye ni Materne,\u2026\u2026\u2026., uwicaye afashe igikombe ni MAHAME, inyuma ye ni BICAMUMAKARA Kiki, uhagaze inyuma ni RUBINGISA Proteg\u00e8ne Saruhara<\/p><\/div>\n<p>1986 : Mukura niyo yegukanye icyo gikombe itsinze ikipe ya Panth\u00e8res Noires ibitego 2 kuri 1 kuri stade r\u00e9gional i Nyamirambo. (Reba ifoto)<\/p>\n<p style=\"text-align: center;\"><a href=\"http:\/\/ruhago-impitagihe.com\/wp-content\/uploads\/muk8.jpg\"><img loading=\"lazy\" class=\"size-medium wp-image-348   aligncenter\" title=\"Mukura Victory sport\" alt=\"Mukura V.S\" src=\"http:\/\/ruhago-impitagihe.com\/wp-content\/uploads\/muk8-300x211.jpg\" width=\"300\" height=\"211\" srcset=\"https:\/\/ruhago-impitagihe.com\/wp-content\/uploads\/muk8-300x211.jpg 300w, https:\/\/ruhago-impitagihe.com\/wp-content\/uploads\/muk8.jpg 550w\" sizes=\"(max-width: 300px) 100vw, 300px\" \/><\/a><\/p>\n<p>1987 : Panth\u00e8res Noires niyo yegukanye icyo gikombe itsinze ikipe ya Mukura igitego 1 kuri 0. Icyo gitego cyatsinzwe n\u2019umukinnyi w\u2019umuhanga muri ba rutahizamu b\u2019ibisamagwe b\u2019icyo gihe witwa BOUMEDIENNE Nicolas aherejwe umupira mwiza cyane n\u2019umuvandimwe we NAPOLEON Constantin. Bityo Panth\u00e8res itwara burundu icyo gikombe. Uwo mukino wabereye kuri Stade Amahoro i Remera taliki ya 1\/7\/1987 umunsi mu Rwanda hose bizihizaga isabukuru y\u2019imyaka 25 y\u2019ubwigenge, ari nabwo iyo stade yari iya mbere mu Rwanda muri urwo rwego yatahagwa.(Reba vid\u00e9o).<\/p>\n<p style=\"text-align: center;\">[jwplayer mediaid=&#8221;1475&#8243;]<\/p>\n<p>1988 : Etincelles niyo yegukanye icyo gikombe itsinze ikipe ya Kiyovu igitego 1 ku busa. Icyo gitego cyatsinzwe n\u2019umukinyi wari ukomeye cyane mu b\u2019imbere ba Etincelles witwa BAKARI Yussouf. (Reba vid\u00e9o).<\/p>\n<p style=\"text-align: center;\">[jwplayer mediaid=&#8221;1474&#8243;]<\/p>\n<p style=\"text-align: left;\">1989 : Rayon Sport<\/p>\n<p>1990 : Mukura Victory Sports<\/p>\n<p>1991 : Ntago cyakiniwe<\/p>\n<p>1992 : Mukura Victory Sport<\/p>\n<p>1993 : Rayon Sport<\/p>\n<p>1994\u00a0: Nticyakiniwe<\/p>\n<h3><!--nextpage--><\/h3>\n<h3>4. Igikombe \u201ccy\u2019Amahoro\u201d<\/h3>\n<p>1995:\u00a0\u00a0\u00a0\u00a0\u00a0\u00a0 Rayon Sport<\/p>\n<p>1996:\u00a0\u00a0\u00a0\u00a0\u00a0\u00a0 Ntago cyakiniwe<\/p>\n<p>1997:\u00a0\u00a0\u00a0\u00a0\u00a0\u00a0 Rwanda FC<\/p>\n<p>1998:\u00a0\u00a0\u00a0\u00a0\u00a0\u00a0 Rayon Sport itsinze Kiyovu kubyo bita mu gifaransa Forfait<\/p>\n<p>1999:\u00a0\u00a0\u00a0\u00a0\u00a0\u00a0 Ntago cyakiniwe<\/p>\n<p>2000:\u00a0\u00a0\u00a0\u00a0\u00a0\u00a0 Ntago cyakiniwe<\/p>\n<p>2001:\u00a0\u00a0\u00a0\u00a0\u00a0\u00a0 Les Citadins FC niyo yegukanye icyo gikombe itsinze APR FC ibitego 6 kuri 5<\/p>\n<p>2002:\u00a0\u00a0\u00a0\u00a0\u00a0\u00a0 APR FC<\/p>\n<p>2003:\u00a0\u00a0\u00a0\u00a0\u00a0\u00a0 Ntago cyakiniwe<\/p>\n<p>2004:\u00a0\u00a0\u00a0\u00a0\u00a0\u00a0 Ntago cyakiniwe<\/p>\n<p>2005:\u00a0\u00a0\u00a0\u00a0\u00a0\u00a0 Rayon Sport niyo yegukanye icyo gikombe itsinze Mukura FC ibitego 3 kuri 0<\/p>\n<p>2006:\u00a0\u00a0\u00a0\u00a0\u00a0\u00a0 APR niyo yegukanye icyo gikombe itsinze ATRACO ibitego 3kuri 0<\/p>\n<p>2007:\u00a0\u00a0\u00a0\u00a0\u00a0\u00a0 APR niyo yegukanye icyo gikombe itsinze ATRACO ibitego 2 kuri 0<\/p>\n<p>2008:\u00a0\u00a0\u00a0\u00a0\u00a0\u00a0 APR niyo yegukanye icyo gikombe itsinze ATRACO ibitego 4 kuri 0<\/p>\n<p>2009:\u00a0\u00a0\u00a0\u00a0\u00a0\u00a0 ATRACO niyo yegukanye icyo gikombe itsinze Mukura FC igitego 1 kuri 0<\/p>\n<p>2010:\u00a0\u00a0\u00a0\u00a0\u00a0\u00a0 APR FC niyo yegukanye icyo gikombe itsinze Rayon Sport ibitego 1 kuri 0<\/p>\n<p>2011 : \u00a0\u00a0\u00a0\u00a0 APR FC niyo yegukanye icyo gikombe itsinze Police FC Kibungo ibitego 4 kuri 2<\/p>\n<p>2012 :\u00a0\u00a0\u00a0\u00a0\u00a0 APR FC niyo yegukanye icyo gikombe itsinze Rayon Sport ibitego 2 kuri 1<\/p>\n<h3>5. Igikombe cya Joseph Fraipont NDAGIJIMANA (Reba ifoto)<\/h3>\n<p style=\"text-align: center;\"><a href=\"http:\/\/ruhago-impitagihe.com\/wp-content\/uploads\/Joseph-Fraipont-Ndagijimana.jpg\"><img loading=\"lazy\" class=\"size-medium wp-image-399   aligncenter\" title=\"Joseph Fraipont Ndagijimana\" alt=\"Joseph Fraipont Ndagijimana\" src=\"http:\/\/ruhago-impitagihe.com\/wp-content\/uploads\/Joseph-Fraipont-Ndagijimana-205x300.jpg\" width=\"205\" height=\"300\" srcset=\"https:\/\/ruhago-impitagihe.com\/wp-content\/uploads\/Joseph-Fraipont-Ndagijimana-205x300.jpg 205w, https:\/\/ruhago-impitagihe.com\/wp-content\/uploads\/Joseph-Fraipont-Ndagijimana-700x1024.jpg 700w, https:\/\/ruhago-impitagihe.com\/wp-content\/uploads\/Joseph-Fraipont-Ndagijimana.jpg 1033w\" sizes=\"(max-width: 205px) 100vw, 205px\" \/><\/a><\/p>\n<p>Ni igikombe cyari cyaritiriwe Padiri Joseph FRAIPONT NDAGIJIMANA washinze ibigo byita ku bamugaye muri Afurika yo hagati harimo n\u2019ikigo cy\u2019i Gatagara mu Rwanda.<\/p>\n<p>1983 : Ikipe ya Mukura niyo yegukanye icyo gikombe itsinze Rayon Sport ibitego 3 kuri 2<\/p>\n<h3>6. Igikombe cya \u201cFair-play\u201d<\/h3>\n<p>Ni igikombe cyegurirwa ikipe yitwaye neza muri Shampiyona<\/p>\n<p>1988-1989 :\u00a0Muri diviziyo ya mbere Z\u00e8bres FC niyo yegukanye icyo gikombe.<\/p>\n<p>Muri diviziyo ya kabiri Mugambazi FC niyo yegukanye icyo gikombe.<\/p>\n<p>1989-1990 :\u00a0Muri diviziyo ya mbere Egena FC niyo yegukanye icyo gikombe.(Reba ifoto)<\/p>\n<div id=\"attachment_417\" style=\"width: 310px\" class=\"wp-caption aligncenter\"><a href=\"http:\/\/ruhago-impitagihe.com\/wp-content\/uploads\/Coupe-fair-play-Egena-1990.jpg\"><img aria-describedby=\"caption-attachment-417\" loading=\"lazy\" class=\"size-medium wp-image-417    \" title=\"Coupe fair-play Egena 1990\" alt=\"Coupe fair-play Egena 1990\" src=\"http:\/\/ruhago-impitagihe.com\/wp-content\/uploads\/Coupe-fair-play-Egena-1990-300x201.jpg\" width=\"300\" height=\"201\" srcset=\"https:\/\/ruhago-impitagihe.com\/wp-content\/uploads\/Coupe-fair-play-Egena-1990-300x201.jpg 300w, https:\/\/ruhago-impitagihe.com\/wp-content\/uploads\/Coupe-fair-play-Egena-1990-1024x688.jpg 1024w\" sizes=\"(max-width: 300px) 100vw, 300px\" \/><\/a><p id=\"caption-attachment-417\" class=\"wp-caption-text\">Stade Amahoro-Remera taliki ya 28\/01\/1990, uwari Perefe wa Kigali BAGAMBIKI Emmanuel ahereza igikombe Kapiteni w\u2019ikipe ya Egena sport, ikipe yitwaye neza muri Shampiyona ya diviziyo ya mbere 1989. Abari i ruhande rwa Perefe ni Lt Col. BEM NDINDILIYIMANA Augustin wari Ministre w\u2019urubyiruko na Lt Col. UWIHOREYE Charles wari vice-pr\u00e9sident wa Ferwafa.<\/p><\/div>\n<p>Muri diviziyo ya kabiri ikipe ya Mugambazi FC niyo yegukanye icyo gikombe. (Reba ifoto)<\/p>\n<div id=\"attachment_418\" style=\"width: 310px\" class=\"wp-caption aligncenter\"><a href=\"http:\/\/ruhago-impitagihe.com\/wp-content\/uploads\/Coupe-fair-play-Mugambazi-1990.jpg\"><img aria-describedby=\"caption-attachment-418\" loading=\"lazy\" class=\"size-medium wp-image-418    \" title=\"Coupe fair-play Mugambazi 1990\" alt=\"Coupe fair-play Mugambazi 1990\" src=\"http:\/\/ruhago-impitagihe.com\/wp-content\/uploads\/Coupe-fair-play-Mugambazi-1990-300x221.jpg\" width=\"300\" height=\"221\" srcset=\"https:\/\/ruhago-impitagihe.com\/wp-content\/uploads\/Coupe-fair-play-Mugambazi-1990-300x221.jpg 300w, https:\/\/ruhago-impitagihe.com\/wp-content\/uploads\/Coupe-fair-play-Mugambazi-1990-1024x754.jpg 1024w\" sizes=\"(max-width: 300px) 100vw, 300px\" \/><\/a><p id=\"caption-attachment-418\" class=\"wp-caption-text\">Stade Amahoro-Remera taliki ya 28\/01\/1990, Lt Col UWIHOREYE Charles icyo gihe vice-pr\u00e9sident wa Ferwafa, ahereza igikombe Kapiteni w\u2019ikipe ya Mugambazi sport, ikipe yitwaye neza muri Shampiyona ya diviziyo ya kabiri 1989.<\/p><\/div>\n<h3>7. Igikombe \u201cTroph\u00e9e Papa Jean Paul II\u201d<\/h3>\n<p>1990<\/p>\n<p>Ni igikombe cy\u2019irushanwa ryari ryateguwe \u00a0kubera kwizihiza uruzinduko Papa Yohani Paulo wa 2 yagiriye mu Rwanda kuva taliki ya 7 kugera taliki ya 9 z\u2019ukwezi kwa 9 mu mwaka w\u20191990.<\/p>\n<p>Icyo gikombe cyatwawe n\u2019ikipe ya Panth\u00e8re noires itsinze iya Mukura Victory Sport ibitego 2 ku busa kuri Stade Amahoro i Remera. (Reba amafoto).<\/p>\n<div style=\"width: 210px\" class=\"wp-caption aligncenter\"><a href=\"http:\/\/ruhago-impitagihe.com\/wp-content\/uploads\/Coupe-Jean-Paul-2..jpg\"><img loading=\"lazy\" class=\"    \" title=\"Coupe Pape Jean Paul 2\" alt=\"Coupe Pape Jean Paul 2\" src=\"http:\/\/ruhago-impitagihe.com\/wp-content\/uploads\/Coupe-Jean-Paul-2.-200x300.jpg\" width=\"200\" height=\"300\" \/><\/a><p class=\"wp-caption-text\">Papa Yohani Paulo wa 2, yishimiye guhereza igikombe MUNYANKINDI Elie Kapiteni wa Panth\u00e8res-Noires<\/p><\/div>\n<div id=\"attachment_405\" style=\"width: 310px\" class=\"wp-caption alignleft\"><a href=\"http:\/\/ruhago-impitagihe.com\/wp-content\/uploads\/Coupe-Jean-Paul-2.........jpg\"><img aria-describedby=\"caption-attachment-405\" loading=\"lazy\" class=\"size-medium wp-image-405     \" title=\"Coupe Pape Jean Paul 2\" alt=\"Coupe Pape Jean Paul 2\" src=\"http:\/\/ruhago-impitagihe.com\/wp-content\/uploads\/Coupe-Jean-Paul-2........-300x199.jpg\" width=\"300\" height=\"199\" srcset=\"https:\/\/ruhago-impitagihe.com\/wp-content\/uploads\/Coupe-Jean-Paul-2........-300x199.jpg 300w, https:\/\/ruhago-impitagihe.com\/wp-content\/uploads\/Coupe-Jean-Paul-2........-1024x682.jpg 1024w\" sizes=\"(max-width: 300px) 100vw, 300px\" \/><\/a><p id=\"caption-attachment-405\" class=\"wp-caption-text\">Stade Amahoro-Remera Nzeri 1990, Papa Yohani Pawulo wa 2, ufashe igikombe ni Dr. NDAGIJIMANA Emmanuel wari (Prezida wa Ferwafa), iruhande rwe ni Col. NSHIZIRUNGU wari (Prezida wa Panth\u00e8res-Noires)<\/p><\/div>\n<div style=\"width: 310px\" class=\"wp-caption alignright\"><a href=\"http:\/\/ruhago-impitagihe.com\/wp-content\/uploads\/Coupe-Jean-Paul-2...jpg\"><img loading=\"lazy\" class=\"    \" title=\"Coupe Pape Jean Paul 2\" alt=\"Coupe Pape Jean Paul 2\" src=\"http:\/\/ruhago-impitagihe.com\/wp-content\/uploads\/Coupe-Jean-Paul-2..-300x201.jpg\" width=\"300\" height=\"201\" \/><\/a><p class=\"wp-caption-text\">Musenyeri na Papa Yohani Pawulo wa 2, bashimira abakinnyi ba Panth\u00e8res noires: uhereye ibumoso ugana iburyo ni Munyankindi Elie, VITA Abdallahaman, MUHIRE Eug\u00e8ne na DUSABEYEZU Eustache.<\/p><\/div>\n<p style=\"text-align: center; clear: both;\">Reba hasi andi mafoto anyuranye y&#8217;icyo gikombe<\/p>\n<div id='gallery-1' class='gallery galleryid-31 gallery-columns-3 gallery-size-thumbnail'><dl class='gallery-item'>\n\t\t\t<dt class='gallery-icon landscape'>\n\t\t\t\t<a data-fancybox-group=\"gallery-31\" href='https:\/\/ruhago-impitagihe.com\/rw\/amarushanwa-yibikombe-binyuranye-mu-rwanda\/coupe-jean-paul-2-8\/'><img width=\"150\" height=\"150\" src=\"https:\/\/ruhago-impitagihe.com\/wp-content\/uploads\/Coupe-Jean-Paul-2-150x150.jpg\" class=\"attachment-thumbnail size-thumbnail\" alt=\"\" loading=\"lazy\" \/><\/a>\n\t\t\t<\/dt><\/dl><dl class='gallery-item'>\n\t\t\t<dt class='gallery-icon landscape'>\n\t\t\t\t<a data-fancybox-group=\"gallery-31\" href='https:\/\/ruhago-impitagihe.com\/rw\/amarushanwa-yibikombe-binyuranye-mu-rwanda\/coupe-jean-paul-2-6\/'><img width=\"150\" height=\"150\" src=\"https:\/\/ruhago-impitagihe.com\/wp-content\/uploads\/Coupe-Jean-Paul-2..-150x150.jpg\" class=\"attachment-thumbnail size-thumbnail\" alt=\"\" loading=\"lazy\" \/><\/a>\n\t\t\t<\/dt><\/dl><dl class='gallery-item'>\n\t\t\t<dt class='gallery-icon landscape'>\n\t\t\t\t<a data-fancybox-group=\"gallery-31\" href='https:\/\/ruhago-impitagihe.com\/rw\/amarushanwa-yibikombe-binyuranye-mu-rwanda\/coupe-jean-paul-2-4\/'><img width=\"150\" height=\"150\" src=\"https:\/\/ruhago-impitagihe.com\/wp-content\/uploads\/Coupe-Jean-Paul-2....-150x150.jpg\" class=\"attachment-thumbnail size-thumbnail\" alt=\"\" loading=\"lazy\" \/><\/a>\n\t\t\t<\/dt><\/dl><br style=\"clear: both\" \/><dl class='gallery-item'>\n\t\t\t<dt class='gallery-icon landscape'>\n\t\t\t\t<a data-fancybox-group=\"gallery-31\" href='https:\/\/ruhago-impitagihe.com\/rw\/amarushanwa-yibikombe-binyuranye-mu-rwanda\/coupe-jean-paul-2-3\/'><img width=\"150\" height=\"150\" src=\"https:\/\/ruhago-impitagihe.com\/wp-content\/uploads\/Coupe-Jean-Paul-2.....-150x150.jpg\" class=\"attachment-thumbnail size-thumbnail\" alt=\"\" loading=\"lazy\" \/><\/a>\n\t\t\t<\/dt><\/dl><dl class='gallery-item'>\n\t\t\t<dt class='gallery-icon landscape'>\n\t\t\t\t<a data-fancybox-group=\"gallery-31\" href='https:\/\/ruhago-impitagihe.com\/rw\/amarushanwa-yibikombe-binyuranye-mu-rwanda\/coupe-jean-paul-2-2\/'><img width=\"150\" height=\"150\" src=\"https:\/\/ruhago-impitagihe.com\/wp-content\/uploads\/Coupe-Jean-Paul-2......-150x150.jpg\" class=\"attachment-thumbnail size-thumbnail\" alt=\"\" loading=\"lazy\" \/><\/a>\n\t\t\t<\/dt><\/dl><dl class='gallery-item'>\n\t\t\t<dt class='gallery-icon landscape'>\n\t\t\t\t<a data-fancybox-group=\"gallery-31\" href='https:\/\/ruhago-impitagihe.com\/rw\/amarushanwa-yibikombe-binyuranye-mu-rwanda\/coupe-jean-paul-2\/'><img width=\"150\" height=\"150\" src=\"https:\/\/ruhago-impitagihe.com\/wp-content\/uploads\/Coupe-Jean-Paul-2.......-150x150.jpg\" class=\"attachment-thumbnail size-thumbnail\" alt=\"\" loading=\"lazy\" \/><\/a>\n\t\t\t<\/dt><\/dl><br style=\"clear: both\" \/>\n\t\t<\/div>\n\n<h3>8. Igikombe \u201cKwibuka\u201d<\/h3>\n<p>1998 : Ikipe ya Mukura niyo yegukanye icyo gikombe itsinze Rayon Sport ibitego 2 kuri 1<\/p>\n<p>1999 : Ikipe ya Mukura niyo yegukanye icyo gikombe.<b><i><\/i><\/b><\/p>\n<p>2000 :<\/p>\n<p>2001 :<\/p>\n<p>2002 : Ikipe ya Mukura niyo yegukanye icyo gikombe itsinze Rayon Sport igitego 1 kuri 0.<\/p>\n<p>2003 :<\/p>\n<p>2004 :<\/p>\n<h3>9. Igikombe \u201cSupanet\u201d<\/h3>\n<p>1998 : Ikipe ya Mukura niyo yegukanye icyo gikombe itsinze Rayon Sport ibitego 2 kuri 1.<\/p>\n<h3>10. Igikombe \u201cKalinda Viateur\u201d<\/h3>\n<p><a href=\"http:\/\/ruhago-impitagihe.com\/wp-content\/uploads\/Kalinda-Viateur.jpg\"><img loading=\"lazy\" class=\"size-medium wp-image-388 \" title=\"Kalinda Viateur\" alt=\"Kalinda Viateur\" src=\"http:\/\/ruhago-impitagihe.com\/wp-content\/uploads\/Kalinda-Viateur-160x300.jpg\" width=\"160\" height=\"300\" srcset=\"https:\/\/ruhago-impitagihe.com\/wp-content\/uploads\/Kalinda-Viateur-160x300.jpg 160w, https:\/\/ruhago-impitagihe.com\/wp-content\/uploads\/Kalinda-Viateur.jpg 214w\" sizes=\"(max-width: 160px) 100vw, 160px\" \/><\/a><\/p>\n<p>Mbibutse ko uyu KALINDA Viateur watuvuyemo muri 1994, yari umunyamakuru kabuhariwe wogezaga neza cyane umupira kuri Radio Rwanda ku buryo abantu bawukurikiranaga neza ku ma radiyo bawurebesha \u00a0amatwi yabo !!<\/p>\n<p>Buri wa mbere w\u2019icyumweru, saa moya n\u2019igice za nimugoroba yatugezagaho kandi ikiganiro kiryoshye cyitwaga \u201cURUBUGA RW\u2019IMIKINO\u201d.<\/p>\n<p>2001 : APR FC niyo yegukanye icyi gikombe.<\/p>","protected":false},"excerpt":{"rendered":"<p>1. Igikombe cya Pasika Dore uko amakipe yagiye atwara icyo gikombe : 1980 : Mukura Victory sport. 2. Igikombe cya Pentec\u00f4te Dore uko amakipe yagiye atwara icyo gikombe : 1981 : Mukura Victory sport 1982 : Mukura Victory sport 1992\u00a0: Rayon Sport 3. Igikombe cy\u2019uwa gatanu Nyakanga abenshi bitaga\u00a0: \u00ab\u00a0Igikombe cy\u2019Umubyeyi\u00a0\u00bb Irushanwa ry\u2019icyo gikombe ryari [&hellip;]<\/p>\n","protected":false},"author":1,"featured_media":0,"parent":0,"menu_order":0,"comment_status":"closed","ping_status":"closed","template":"","meta":[],"_links":{"self":[{"href":"https:\/\/ruhago-impitagihe.com\/rw\/wp-json\/wp\/v2\/pages\/31"}],"collection":[{"href":"https:\/\/ruhago-impitagihe.com\/rw\/wp-json\/wp\/v2\/pages"}],"about":[{"href":"https:\/\/ruhago-impitagihe.com\/rw\/wp-json\/wp\/v2\/types\/page"}],"author":[{"embeddable":true,"href":"https:\/\/ruhago-impitagihe.com\/rw\/wp-json\/wp\/v2\/users\/1"}],"replies":[{"embeddable":true,"href":"https:\/\/ruhago-impitagihe.com\/rw\/wp-json\/wp\/v2\/comments?post=31"}],"version-history":[{"count":57,"href":"https:\/\/ruhago-impitagihe.com\/rw\/wp-json\/wp\/v2\/pages\/31\/revisions"}],"predecessor-version":[{"id":1548,"href":"https:\/\/ruhago-impitagihe.com\/rw\/wp-json\/wp\/v2\/pages\/31\/revisions\/1548"}],"wp:attachment":[{"href":"https:\/\/ruhago-impitagihe.com\/rw\/wp-json\/wp\/v2\/media?parent=31"}],"curies":[{"name":"wp","href":"https:\/\/api.w.org\/{rel}","templated":true}]}}