{"id":30,"date":"2013-02-11T17:24:32","date_gmt":"2013-02-11T16:24:32","guid":{"rendered":"http:\/\/ruhago-impitagihe.com\/?page_id=30"},"modified":"2013-06-09T23:39:36","modified_gmt":"2013-06-09T21:39:36","slug":"irushanwa-rya-shampiyona-yigihugu","status":"publish","type":"page","link":"https:\/\/ruhago-impitagihe.com\/rw\/irushanwa-rya-shampiyona-yigihugu\/","title":{"rendered":"Irushanwa rya Shampiyona y\u2019igihugu"},"content":{"rendered":"<p>1971:\u00a0 Kiyovu Sport niyo yegukanye igikombe itsinze ikipe ya Panth\u00e8res Noires igitego kimwe ku busa, kuri stade y\u2019i Gitarama.<\/p>\n<p>Dore uko ibikombe bya Shampiyona byatwawe nyuma y\u2019ishingwa mu w\u2019i 1972 ry\u2019Ishyirahamwe ry\u2019umupira w\u2019amaguru mu Rwanda mu magambo ahinnye (FERWAFA).<\/p>\n<p>1972:<\/p>\n<p>1973:<\/p>\n<p>1974 :<\/p>\n<p>1975 : Rayon Sport.<\/p>\n<p>1976 :<\/p>\n<p>1977\u00a0:<\/p>\n<p>1978\u00a0:<\/p>\n<p>1979\u00a0:<\/p>\n<p>1980 : Panth\u00e8res Noires<\/p>\n<p>1981 : Rayon Sport<\/p>\n<p>1982 : Nta shampiyona yabaye<\/p>\n<p>1983 : Kiyovu Sport<\/p>\n<p>1984 : Panth\u00e8res Noires<\/p>\n<p>1985 : Panth\u00e8res Noires<\/p>\n<p>1986 : Panth\u00e8res Noires<\/p>\n<p>1987 : Panth\u00e8res Noires<\/p>\n<p>1988 : Mukungwa<\/p>\n<p>1989 : Mukungwa<\/p>\n<p>1990 : Umukino wa nyuma wa shampiyona ya 17 wabaye tariki ya 7 Mutarama 1990, ikipe ya Kiyovu Sport niyo yegukanye<\/p>\n<p>igikombe itsinze ikipe ya Panth\u00e8res Noires ibitego bibiri kuri kimwe kuri Stade Amahoro i Remera.<\/p>\n<p>Ibitego bya Kiyovu Sports byombi byatsinzwe n\u2019umukinnyi witwa SHABANI Maneno ku munota wa 14 no ku munota wa 33, naho igitego cya Panth\u00e8res Noires cyatsinzwe na HAKIZIMANA Vita Abdallaham ku munota wa 60. <i><span style=\"text-decoration: underline;\">(Reba amafoto hasi)<\/span><\/i><\/p>\n<p style=\"text-align: center;\"><a href=\"http:\/\/ruhago-impitagihe.com\/wp-content\/uploads\/Salutation-Final-1990-Panth\u00e8res-Kiyovu.jpg\"><img loading=\"lazy\" class=\"size-medium wp-image-412 alignleft\" alt=\"Final Shampionnat 1990 Panth\u00e8res noires -Kiyovu sport\" src=\"http:\/\/ruhago-impitagihe.com\/wp-content\/uploads\/Salutation-Final-1990-Panth\u00e8res-Kiyovu-300x211.jpg\" width=\"300\" height=\"211\" srcset=\"https:\/\/ruhago-impitagihe.com\/wp-content\/uploads\/Salutation-Final-1990-Panth\u00e8res-Kiyovu-300x211.jpg 300w, https:\/\/ruhago-impitagihe.com\/wp-content\/uploads\/Salutation-Final-1990-Panth\u00e8res-Kiyovu-1024x720.jpg 1024w, https:\/\/ruhago-impitagihe.com\/wp-content\/uploads\/Salutation-Final-1990-Panth\u00e8res-Kiyovu.jpg 1999w\" sizes=\"(max-width: 300px) 100vw, 300px\" \/><\/a><a href=\"http:\/\/ruhago-impitagihe.com\/wp-content\/uploads\/Karera+Martin.jpg\"><img loading=\"lazy\" class=\"alignnone size-medium wp-image-409\" alt=\"Karera Fran\u00e7ois na Martin Rudasingwa\" src=\"http:\/\/ruhago-impitagihe.com\/wp-content\/uploads\/Karera+Martin-300x219.jpg\" width=\"300\" height=\"219\" srcset=\"https:\/\/ruhago-impitagihe.com\/wp-content\/uploads\/Karera+Martin-300x219.jpg 300w, https:\/\/ruhago-impitagihe.com\/wp-content\/uploads\/Karera+Martin-1024x750.jpg 1024w\" sizes=\"(max-width: 300px) 100vw, 300px\" \/><\/a><\/p>\n<p><em><strong>Ifoto y\u2019ibumoso\u00a0: Stade Amahoro-Remera taliki ya 07\/01\/1990, kapiteni wa Kiyovu-sport RUDASINGWA Martin asuhuza uwari Ministre w\u2019urubyiruko Lt Col.BEM NDINDILIYIMANA Augustin, inyuma ye ni Dr. NDAGIJIMANA Emmanuel wahoze ari (Prezida wa Ferwafa), Col. BUREGEYA Bonaventure wari (Prezida wa Panth\u00e8res-Noirs), KARERA Fran\u00e7ois wari (Prezida wa Kiyovu-sport) na MUNYAKAZI Hassan Kapiteni wa Panth\u00e8res-noires).<\/strong><\/em><\/p>\n<p><em><strong>Ifoto y\u2019iburyo\u00a0: Prezida w\u2019ikipe ya kiyovu (icyo gihe) : KARERA Fran\u00e7ois na Kapiteni RUDASINGWA Maritini kuri Stade Amahoro i Remera taliki ya 07 Mutarama 1990, ubwo ikipe yabo yari imaze gutsindira igikombe cya Shampiyona 1989-90.<\/strong><\/em><\/p>\n<p>&nbsp;<\/p>\n<p>1991\u00a0: Nta shampiyona yabaye<\/p>\n<p>1992\u00a0: Kiyovu Sport<\/p>\n<p>1993\u00a0: Kiyovu Sport<\/p>\n<p>1994\u00a0: Nta shampiyona yabaye<\/p>\n<p>1995\u00a0: A.P.R FC<\/p>\n<p>1996\u00a0: A.P.R FC<\/p>\n<p>1997\u00a0: Rayon Sport<\/p>\n<p>1998\u00a0: Rayon Sport<\/p>\n<p>1999\u00a0: A.P.R FC<\/p>\n<p>2000\u00a0: A.P.R FC<\/p>\n<p>2001\u00a0: A.P.R FC<\/p>\n<p>2002\u00a0: Rayon Sport<\/p>\n<p>2003\u00a0: A.P.R FC<\/p>\n<p>2004\u00a0: Rayon Sport<\/p>\n<p>2005\u00a0: A.P.R FC<\/p>\n<p>2006\u00a0: A.P.R FC<\/p>\n<p>2007\u00a0: A.P.R FC<\/p>\n<p>2008\u00a0: ATRACO FC<\/p>\n<p>2009\u00a0: APR FC<\/p>\n<p>2010 : APR FC<\/p>\n<p>2011 : APR FC<\/p>\n<p>2012\u00a0: APR FC<\/p>\n<p>2013\u00a0: Rayon Sport<\/p>","protected":false},"excerpt":{"rendered":"<p>1971:\u00a0 Kiyovu Sport niyo yegukanye igikombe itsinze ikipe ya Panth\u00e8res Noires igitego kimwe ku busa, kuri stade y\u2019i Gitarama. Dore uko ibikombe bya Shampiyona byatwawe nyuma y\u2019ishingwa mu w\u2019i 1972 ry\u2019Ishyirahamwe ry\u2019umupira w\u2019amaguru mu Rwanda mu magambo ahinnye (FERWAFA). 1972: 1973: 1974 : 1975 : Rayon Sport. 1976 : 1977\u00a0: 1978\u00a0: 1979\u00a0: 1980 : Panth\u00e8res [&hellip;]<\/p>\n","protected":false},"author":1,"featured_media":0,"parent":0,"menu_order":0,"comment_status":"closed","ping_status":"closed","template":"","meta":[],"_links":{"self":[{"href":"https:\/\/ruhago-impitagihe.com\/rw\/wp-json\/wp\/v2\/pages\/30"}],"collection":[{"href":"https:\/\/ruhago-impitagihe.com\/rw\/wp-json\/wp\/v2\/pages"}],"about":[{"href":"https:\/\/ruhago-impitagihe.com\/rw\/wp-json\/wp\/v2\/types\/page"}],"author":[{"embeddable":true,"href":"https:\/\/ruhago-impitagihe.com\/rw\/wp-json\/wp\/v2\/users\/1"}],"replies":[{"embeddable":true,"href":"https:\/\/ruhago-impitagihe.com\/rw\/wp-json\/wp\/v2\/comments?post=30"}],"version-history":[{"count":33,"href":"https:\/\/ruhago-impitagihe.com\/rw\/wp-json\/wp\/v2\/pages\/30\/revisions"}],"predecessor-version":[{"id":1520,"href":"https:\/\/ruhago-impitagihe.com\/rw\/wp-json\/wp\/v2\/pages\/30\/revisions\/1520"}],"wp:attachment":[{"href":"https:\/\/ruhago-impitagihe.com\/rw\/wp-json\/wp\/v2\/media?parent=30"}],"curies":[{"name":"wp","href":"https:\/\/api.w.org\/{rel}","templated":true}]}}