{"id":16,"date":"2013-02-11T16:45:15","date_gmt":"2013-02-11T15:45:15","guid":{"rendered":"http:\/\/ruhago-impitagihe.com\/?page_id=16"},"modified":"2013-07-07T15:32:21","modified_gmt":"2013-07-07T13:32:21","slug":"turi-bande","status":"publish","type":"page","link":"https:\/\/ruhago-impitagihe.com\/rw\/turi-bande\/","title":{"rendered":"Turi bande"},"content":{"rendered":"<p>Nibyo koko sinatangira kubagezaho ibikubiye muri iyi site nabateguriye ntabanje kubibwira; ndibanda cyane ku buzima bwanjye bw\u2019umupira w\u2019amaguru.<br \/>\nUwabateguriye kandi akabagezaho iyi site, yitwa Eraste\u00a0NTIBITURA, yavukiye i Kigali Nyarugenge (Rwanda) taliki ya 9 Kamena 1968, kuva kera akaba ari umukunzi n\u2019umukinnyi w\u2019umupira w\u2019amaguru. Yatangiye gukina uwo mukino akiri muto nk\u2019abandi bana benshi b\u2019abanyarwanda bakina karere munsi y\u2019urugo ..!!<\/p>\n<p><a href=\"http:\/\/ruhago-impitagihe.com\/wp-content\/uploads\/Eraste.jpg\"><img loading=\"lazy\" class=\"size-medium wp-image-272 aligncenter\" alt=\"\" src=\"http:\/\/ruhago-impitagihe.com\/wp-content\/uploads\/Eraste-300x192.jpg\" width=\"300\" height=\"192\" srcset=\"https:\/\/ruhago-impitagihe.com\/wp-content\/uploads\/Eraste-300x192.jpg 300w, https:\/\/ruhago-impitagihe.com\/wp-content\/uploads\/Eraste.jpg 450w\" sizes=\"(max-width: 300px) 100vw, 300px\" \/><\/a><\/p>\n<p>Nyuma akomeza gukina mu marushanwa y\u2019amashuri mato (\u00e9cole primaire) aho yigaga mu kigo cya gisirikare i Kigali\u00a0 (aha aribuka ukuntu yakubitwaga iz\u2019akabwana kubera gutaha bwije yatinze ku kibuga cy\u2019umupira w\u2019amaguru cyari hafi y\u2019ishuri, ari kureba imyitozo y\u2019ikipe yitwaga Panth\u00e8res Noires no gutoragura imipira inyuma y\u2019izamu rya ba goalkeeper Sabiti na Ngeze) !!!!<\/p>\n<p>Mu mwaka w\u2019i 1979 wari waritiriwe\u00a0umwaka w\u2019abana kw\u2019isi, n&#8217;umwaka w&#8217;urubyiruko mu Rwanda,\u00a0icyo gihe mu\u00a0gihugu cyose\u00a0urubyiruko rwarushijeho gufashwa no kwitabwaho, nuko muri urwo rwego, Eraste afatanyije n\u2019urundi rungano rwe, bashinze ikipe y&#8217;umupira w&#8217;amaguru y\u2019abana bato batarengeje imyaka 15 yitwaga (Les jeunes d\u00e9cid\u00e9s) ayibera na Kapiteni maze mu mwaka ukurikiyeho 1980 itwara ibikombe by\u2019irushanwa rya mbere mu Rwanda ry\u2019amakipe y\u2019abana bato (Reba ifoto hasi), Nyuma akomeza akina mu ikipe nkuru ya Les jeunes d\u00e9cid\u00e9s yitwaga \u201cBelle-vue\u201d nyuma yaje kwitwa \u201cArabica sport\u201d<\/p>\n<div id=\"attachment_193\" style=\"width: 310px\" class=\"wp-caption aligncenter\"><a href=\"http:\/\/ruhago-impitagihe.com\/wp-content\/uploads\/Coupes-Camp-Kigali-1980.jpg\"><img aria-describedby=\"caption-attachment-193\" loading=\"lazy\" class=\"size-medium wp-image-193  \" alt=\"Ibikombe bya Shampiyona ku kibuga cya Camp Kigali mu mwaka w'i 1980\" src=\"http:\/\/ruhago-impitagihe.com\/wp-content\/uploads\/Coupes-Camp-Kigali-1980-300x199.jpg\" width=\"300\" height=\"199\" srcset=\"https:\/\/ruhago-impitagihe.com\/wp-content\/uploads\/Coupes-Camp-Kigali-1980-300x199.jpg 300w, https:\/\/ruhago-impitagihe.com\/wp-content\/uploads\/Coupes-Camp-Kigali-1980.jpg 604w\" sizes=\"(max-width: 300px) 100vw, 300px\" \/><\/a><p id=\"caption-attachment-193\" class=\"wp-caption-text\">1980 ku kibuga cy\u2019umupira w\u2019amaguru cya Camp-Kigali, umuhango wo gutanga ibikombe bya shampiyona zinyuranye zo muri uwo mwaka mu Rwanda.<br \/><span style=\"text-decoration: underline;\">Uhereye ibumoso :<\/span> Rugirangoga Etienne (cap.wa Panth\u00e8res Noires) muri diviziyo ya mbere, ukurikiyeho ni (Cap. wa Egena Sport) yari muri diviziyo ya kabiri, Gakire (Cap. wa Belle-vue na Arabica Sport), Mitsindo Fid\u00e8le (Cap. wa les jeunes d\u00e9cid\u00e9s) Ntibitura Eraste (Cap. wa les jeunes d\u00e9cid\u00e9s Junior.)<\/p><\/div>\n<p>Hagati ya 1983-1989, uwo mukino w\u2019umupira w\u2019amaguru, yawukomereje aho yigaga mu mashuri yisumbuye muri ETO (Ecole technique officiele) ku kicukiro (reba ifoto hasi), no muri EFOTEC (Ecole de formation technique) i Kanombe (reba ifoto hasi), ndetse mu mwaka w\u2019 1989 ikipe yakinagamo y\u2019iryo shuri ry\u2019 i Kanombe itwara igikombe cy\u2019irushwanwa ry\u2019amashuri yisumbuye y\u2019i Kigali, muri uwo mwaka kandi inatwara igikombe kiryo rushanwa ry\u2019ibigo by\u2019amashuri yisumbuye byo mu Rwanda rwose. Ayo marushwanwa yose yari yateguwe neza cyane n\u2019ishyirahamwe ry\u2019umupira w\u2019amaguru mu Rwanda mu magambo ahinnye (FERWAFA).<\/p>\n<div id=\"attachment_195\" style=\"width: 310px\" class=\"wp-caption aligncenter\"><a href=\"http:\/\/ruhago-impitagihe.com\/wp-content\/uploads\/ETO-1986-1987.jpg\"><img aria-describedby=\"caption-attachment-195\" loading=\"lazy\" class=\"size-medium wp-image-195  \" alt=\"ETO 1986-1987\" src=\"http:\/\/ruhago-impitagihe.com\/wp-content\/uploads\/ETO-1986-1987-300x199.jpg\" width=\"300\" height=\"199\" srcset=\"https:\/\/ruhago-impitagihe.com\/wp-content\/uploads\/ETO-1986-1987-300x199.jpg 300w, https:\/\/ruhago-impitagihe.com\/wp-content\/uploads\/ETO-1986-1987.jpg 604w\" sizes=\"(max-width: 300px) 100vw, 300px\" \/><\/a><p id=\"caption-attachment-195\" class=\"wp-caption-text\">E.T.O. Kicukiro 1986-1987<br \/><span style=\"text-decoration: underline;\">Abahagaze uhereye ibumoso :<\/span> Kalisa\u00a0Innocent (yakinnye muri Rayon-Sport no mu Mavubi), Sendege Bernardin, Ntirugirimbabazi, Mujyakera Flodouald (Puma) yabaye n\u2019umuzamu ukomeye wa Rayon sport, Kanyabutembo Proteg\u00e8ne, Dusabeyezu Eustache(yakinnye muri Etincelles no muri Panth\u00e8res Noires), Abote, Ntibitura Eraste (yakinnye muri Panth\u00e8res Noires), Iraguha Emmanuel.<br \/><span style=\"text-decoration: underline;\">Abicaye uhereye ibumoso :<\/span> Sudi, Th\u00e9ophas (yakinnye muri Rayon Sport), Rubingisa Prot\u00e9g\u00e8ne(Saruhara) yakinnye muri Kiyovu Sport, Sylvestre, Luc, Ngizwenayo Paul<\/p><\/div>\n<p style=\"text-align: left;\"><a href=\"http:\/\/ruhago-impitagihe.com\/wp-content\/uploads\/Efotec-1988-1989.jpg\"><img loading=\"lazy\" class=\"size-medium wp-image-194\" alt=\"Efotec 1988-1989\" src=\"http:\/\/ruhago-impitagihe.com\/wp-content\/uploads\/Efotec-1988-1989-300x199.jpg\" width=\"300\" height=\"199\" srcset=\"https:\/\/ruhago-impitagihe.com\/wp-content\/uploads\/Efotec-1988-1989-300x199.jpg 300w, https:\/\/ruhago-impitagihe.com\/wp-content\/uploads\/Efotec-1988-1989.jpg 604w\" sizes=\"(max-width: 300px) 100vw, 300px\" \/><\/a><a href=\"http:\/\/ruhago-impitagihe.com\/wp-content\/uploads\/Efotec-1988-19891-e1369672282274.jpg\"><img loading=\"lazy\" class=\"size-medium wp-image-1127 alignright\" alt=\"Efotec-1988-1989\" src=\"http:\/\/ruhago-impitagihe.com\/wp-content\/uploads\/Efotec-1988-19891-e1369672282274-300x213.jpg\" width=\"300\" height=\"213\" srcset=\"https:\/\/ruhago-impitagihe.com\/wp-content\/uploads\/Efotec-1988-19891-e1369672282274-300x213.jpg 300w, https:\/\/ruhago-impitagihe.com\/wp-content\/uploads\/Efotec-1988-19891-e1369672282274.jpg 669w\" sizes=\"(max-width: 300px) 100vw, 300px\" \/><\/a><\/p>\n<p style=\"text-align: center;\"><strong><em>E.F.O.T.E.C. Kanombe 1988-1989 <\/em><\/strong><\/p>\n<p style=\"text-align: center;\">Ifoto y&#8217;iburyo <em><\/em><strong><em>.<span style=\"text-decoration: underline;\"> Abahagaze uhereye ibumoso<\/span>: Ntibitura Eraste (yakinnye muri Panth\u00e8res Noires), &#8230;&#8230;&#8230;., Alphonse, Dusabeyezu Eustache (yakinnye muri Etincelles no muri Panth\u00e8res Noires), Munyankindi Fideli (yakinnye muri Kiyovu Sport), Safali Willy (yakinnye muri Rayon Sport), Rubingisa Proteg\u00e8ne (Saruhara) yakinnye muri Kiyovu Sport, Coach: Twizeyemungu Marcel. <\/em><\/strong><\/p>\n<p style=\"text-align: center;\"><strong><em><span style=\"text-decoration: underline;\">Abapfukamye uhereye ibumoso<\/span>: Antoine (yabaye umuzamu wa Rayon Sport), Kimenyi Jean de Dieu (yakinnye muri Mukura Sport), Cyicarano Alexis, Jean Baptiste, Alphonse (yakinnye muri Arabica Sport), Kamuleti, Bemeliki.<\/em><\/strong><\/p>\n<p>Akiri mu mashuri yisumbuye mu mwaka w\u2019i 1986, yatangiye no gukina mw&#8217; ikipe yitwaga ARABICA yari mu cyiciro cya kabiri cya shampiyona y\u2019umupira w\u2019amaguru mu Rwanda, ntibyatinze mu mpera z\u2019umwaka 1988 ahita yimurirwa gukina mw\u2019 ikipe nkuru yitwaga \u201cPANTHERES NOIRES\u201d yari muri cyiciro cya mbere cya shampiyona y\u2019umupira w\u2019amaguru mu Rwanda, taliki ya 7 Mutarama 1990, yakinnye n\u2019umukino wa nyuma finale wa shampiyona ya 17 y\u2019umupira w\u2019amaguru mu Rwanda maze icyo igikombe cyimuca mu myanya y\u2019intoki gitwawe na Kiyovu Sport (reba ifoto).<\/p>\n<div id=\"attachment_360\" style=\"width: 310px\" class=\"wp-caption aligncenter\"><a href=\"http:\/\/ruhago-impitagihe.com\/wp-content\/uploads\/Panth\u00e8res-Noires-07.01.1989.jpg\"><img aria-describedby=\"caption-attachment-360\" loading=\"lazy\" class=\"size-medium wp-image-360  \" alt=\"Panth\u00e8res Noires 07.01.1990\" src=\"http:\/\/ruhago-impitagihe.com\/wp-content\/uploads\/Panth\u00e8res-Noires-07.01.1989-300x234.jpg\" width=\"300\" height=\"234\" srcset=\"https:\/\/ruhago-impitagihe.com\/wp-content\/uploads\/Panth\u00e8res-Noires-07.01.1989-300x234.jpg 300w, https:\/\/ruhago-impitagihe.com\/wp-content\/uploads\/Panth\u00e8res-Noires-07.01.1989.jpg 604w\" sizes=\"(max-width: 300px) 100vw, 300px\" \/><\/a><p id=\"caption-attachment-360\" class=\"wp-caption-text\">Panth\u00e8res Noires kuri Stade &#8220;Amahoro&#8221; taliki ya 07\/01\/1990. ku mukino wa nyuma Finale wa shampiyona ya 17 y\u2019u Rwanda.<br \/><span style=\"text-decoration: underline;\">Abahagaze uhereye ibumoso :<\/span> MANASSE (Umufasha w\u2019umutoza), POELMANS Franz (Umutoza), HAKIZIMANA Vita, NGANGO Laurent, NTIBITURA Eraste, DJIBEKAO Severyn, HAKIZIMANA Fran\u00e7ois (Fara), NGABONZIMA Onesphore.<br \/><span style=\"text-decoration: underline;\">Abicaye uhereye ibumoso :<\/span> MUNYANKINDI Elie, KABEZA, IDRISSA Juma Shadri, MUNYAKAZI Hassan, SAIDI Luseya.<\/p><\/div>\n<p>Kuva mu mwaka w\u20191991 kugeza 2009, yakomereje uwo mukino w\u2019umupira w\u2019amaguru mu gihugu cy\u2019Ubutaliyani\u00a0muri shampiyona z\u2019amashuri ya Kaminuza (CUS-Univaq), no muri shampiyona za diviziyo zinyuranye mu makipe ya (L\u2019Aquila-calcio, PGS Oratoriana-calcio, ASD-Pianola, Pitinium-calcio, ASD-San Gregorio calcio, ASD-Sangregoriese calcio: (ikipe ubu abereye umwe bayobozi b\u2019icyubahiro). Muri iyo myaka kandi yabaye umutoza na kapiteni w\u2019ikipe y\u2019umupira w\u2019amaguru y\u2019abanyeshuri b\u2019abanyamahanga bo mu mashami atandukanye ya Kaminuza ya L\u2019Aquila mu Butaliyani. (reba amwe mu mafoto hasi n\u2019inkuru zimwerekeyeho mu binyamakuru byo mu Butaliyani by\u2019icyo gihe)<\/p>\n<p><a href=\"http:\/\/ruhago-impitagihe.com\/wp-content\/uploads\/04-11-1992-Il-Centro.pdf\" target=\"_blank\">04-11-1992 Il Centro<\/a>\u00a0\u00a0 <a href=\"http:\/\/ruhago-impitagihe.com\/wp-content\/uploads\/11-09-1992-Il-Centro.pdf\" target=\"_blank\">11-09-1992 Il Centro<\/a>\u00a0\u00a0 <a href=\"http:\/\/ruhago-impitagihe.com\/wp-content\/uploads\/01-02-1995-Il-Messaggero.pdf\" target=\"_blank\">01-02-1995 Il Messaggero<\/a>\u00a0\u00a0 <a href=\"http:\/\/ruhago-impitagihe.com\/wp-content\/uploads\/03-02-1995-Il-Centro.pdf\" target=\"_blank\">03-02-1995 Il Centro<\/a>\u00a0\u00a0 <a href=\"http:\/\/ruhago-impitagihe.com\/wp-content\/uploads\/08-02-1995-Il-Centro.pdf\" target=\"_blank\">08-02-1995 Il Centro<\/a><\/p>\n<p style=\"text-align: center;\"><a href=\"http:\/\/ruhago-impitagihe.com\/wp-content\/uploads\/S.Gregorio-2003.jpg\"><img loading=\"lazy\" class=\"alignnone size-medium wp-image-197\" alt=\"S.Gregorio 2003\" src=\"http:\/\/ruhago-impitagihe.com\/wp-content\/uploads\/S.Gregorio-2003-300x208.jpg\" width=\"300\" height=\"208\" srcset=\"https:\/\/ruhago-impitagihe.com\/wp-content\/uploads\/S.Gregorio-2003-300x208.jpg 300w, https:\/\/ruhago-impitagihe.com\/wp-content\/uploads\/S.Gregorio-2003.jpg 720w\" sizes=\"(max-width: 300px) 100vw, 300px\" \/><\/a><a href=\"http:\/\/ruhago-impitagihe.com\/wp-content\/uploads\/S.-Gregorio-2003.jpg\"> <img loading=\"lazy\" class=\"alignnone size-medium wp-image-196\" alt=\"S. Gregorio 2003\" src=\"http:\/\/ruhago-impitagihe.com\/wp-content\/uploads\/S.-Gregorio-2003-300x199.jpg\" width=\"300\" height=\"199\" srcset=\"https:\/\/ruhago-impitagihe.com\/wp-content\/uploads\/S.-Gregorio-2003-300x199.jpg 300w, https:\/\/ruhago-impitagihe.com\/wp-content\/uploads\/S.-Gregorio-2003.jpg 604w\" sizes=\"(max-width: 300px) 100vw, 300px\" \/><\/a><\/p>\n<p><b><i>Mutarama 2003, ASD-S.Gregorio calcio, mu myitozo y\u2019 ihugurwa (stage de football) ahitwa i Coverciano (Firenze)mu Butaliyani mu kigo mpuzamahanga aho ikipe y\u2019igihugu cy\u2019Ubutaliyani iba ikanahakorera imyitozo iyo yitegura amarushamwa.<\/i><\/b><b><i><br \/>\n<\/i><\/b>Ifoto y&#8217;iburyo<b><i>. <span style=\"text-decoration: underline;\">Abahagaze uhereye ibumoso<\/span> : D&#8217;Aurelio Luca, Toscaneli Roberto, Franchi Loreto, Alonzi Vincenzo, Decina Mauro, D&#8217;Ignazio, De Sanctis Massimo, Federico, Rispoli Stefano, Rapparelli Livio, Paiola Stefano, Morelli Massimo (Mister).<br \/>\n<span style=\"text-decoration: underline;\">Abicaye uhereye ibumoso<\/span>: Pio Camilo, Silvestri Tulio, Paiola Diego, Enzo, Ntibitura Eraste, Scimia Adolfo, Bonomo Mirco, Francescheli Fabio, De Angelis Fabio.<\/i><\/b><\/p>\n<p>Burya ariko ngo <b>\u201cAho umutindi yanitse ntiriva\u201d<\/b>, mw\u2019ijoro ryo ku taliki ya 06\/04\/2009, umujyi atuyemo wa l\u2019Aquila mu Butaliyani wakubiskwe n\u2019impanuka y\u2019umutingito w\u2019isi, maze Imana ikinga akaboko ikomeza kumutiza ubugingo bwayo we n\u2019umuryango we mugari, ariko uhitana abantu barenga 300, harimo benshi mu nshuti ze, icyo gihe kandi nibwo yiteguraga kubagezaho iyi site, maze bimwe mu bikoresho yakoreshaga byangizwa cyane n\u2019uwo mutingito ibindi arabibura burundu, bituma yongera gusa nkutangira bundi bushya gutegura iyi mbata. Iyo mpanuka rero yatumye n\u2019imirimo yari ashinzwe yakoraga muri uwo mujyi wa l\u2019Aquila mu byerekeye \u201cIT-Advanced Security Tecnology\u201d ayikomereza mu mujyi w\u2019i Gen\u00e8ve mu Busuwisi, maze kuva mu 2011 na wa mukino w\u2019umupira w\u2019amaguru awukomereza muri shampiyona y\u2019icyo gihugu ya ba \u201cAmateurs\u201d mu makipe \u00a0ya \u201cUS Colorado\u201d (2011) no muri \u00a0\u201cFC Vernier\u201d (kuva 2012 kugeza ubu) \u00a0y\u2019i Gen\u00e8ve.<\/p>\n<p>Mu gihe amakipe menshi yabimusabaga, kuva kera uwo mukino akunda yahisemo kutawugira umwuga, ariko birakwiye ko iyo umuntu abonye akanya <b>\u201cNyuma y\u2019umurimo ari ukwidagadura da\u201d&#8230;.!!!!!!!!!<\/b><\/p>\n<p><a href=\"http:\/\/ruhago-impitagihe.com\/wp-content\/uploads\/Eraste-Ntibitura.1.jpg\"><img loading=\"lazy\" class=\"size-medium wp-image-1456 aligncenter\" alt=\"Eraste Ntibitura akina n'abahungu be, uwo ku cyumweru wo gutara inyota...!!!!!\" src=\"http:\/\/ruhago-impitagihe.com\/wp-content\/uploads\/Eraste-Ntibitura.1-300x223.jpg\" width=\"300\" height=\"223\" srcset=\"https:\/\/ruhago-impitagihe.com\/wp-content\/uploads\/Eraste-Ntibitura.1-300x223.jpg 300w, https:\/\/ruhago-impitagihe.com\/wp-content\/uploads\/Eraste-Ntibitura.1-1024x761.jpg 1024w, https:\/\/ruhago-impitagihe.com\/wp-content\/uploads\/Eraste-Ntibitura.1.jpg 1779w\" sizes=\"(max-width: 300px) 100vw, 300px\" \/><\/a><\/p>\n<p style=\"text-align: center;\">Eraste NTIBITURA<\/p>\n<p><\/p>","protected":false},"excerpt":{"rendered":"<p>Nibyo koko sinatangira kubagezaho ibikubiye muri iyi site nabateguriye ntabanje kubibwira; ndibanda cyane ku buzima bwanjye bw\u2019umupira w\u2019amaguru. Uwabateguriye kandi akabagezaho iyi site, yitwa Eraste\u00a0NTIBITURA, yavukiye i Kigali Nyarugenge (Rwanda) taliki ya 9 Kamena 1968, kuva kera akaba ari umukunzi n\u2019umukinnyi w\u2019umupira w\u2019amaguru. Yatangiye gukina uwo mukino akiri muto nk\u2019abandi bana benshi b\u2019abanyarwanda bakina karere [&hellip;]<\/p>\n","protected":false},"author":1,"featured_media":0,"parent":0,"menu_order":0,"comment_status":"closed","ping_status":"closed","template":"","meta":[],"_links":{"self":[{"href":"https:\/\/ruhago-impitagihe.com\/rw\/wp-json\/wp\/v2\/pages\/16"}],"collection":[{"href":"https:\/\/ruhago-impitagihe.com\/rw\/wp-json\/wp\/v2\/pages"}],"about":[{"href":"https:\/\/ruhago-impitagihe.com\/rw\/wp-json\/wp\/v2\/types\/page"}],"author":[{"embeddable":true,"href":"https:\/\/ruhago-impitagihe.com\/rw\/wp-json\/wp\/v2\/users\/1"}],"replies":[{"embeddable":true,"href":"https:\/\/ruhago-impitagihe.com\/rw\/wp-json\/wp\/v2\/comments?post=16"}],"version-history":[{"count":54,"href":"https:\/\/ruhago-impitagihe.com\/rw\/wp-json\/wp\/v2\/pages\/16\/revisions"}],"predecessor-version":[{"id":150,"href":"https:\/\/ruhago-impitagihe.com\/rw\/wp-json\/wp\/v2\/pages\/16\/revisions\/150"}],"wp:attachment":[{"href":"https:\/\/ruhago-impitagihe.com\/rw\/wp-json\/wp\/v2\/media?parent=16"}],"curies":[{"name":"wp","href":"https:\/\/api.w.org\/{rel}","templated":true}]}}