{"id":34,"date":"2013-02-11T17:25:55","date_gmt":"2013-02-11T16:25:55","guid":{"rendered":"http:\/\/ruhago-impitagihe.com\/?page_id=34"},"modified":"2013-06-09T12:05:12","modified_gmt":"2013-06-09T10:05:12","slug":"umwirondoro-wa-bamwe-mu-bakinnyi-bimena-bo-hambere","status":"publish","type":"page","link":"https:\/\/ruhago-impitagihe.com\/fr\/les-geant-et-etoiles-joueurs-du-passe-dans-le-football-rwandais\/","title":{"rendered":"Les g\u00e9ant et \u00e9toiles joueurs du pass\u00e9 dans le football Rwandais"},"content":{"rendered":"<p class=\"qtranxs-available-languages-message qtranxs-available-languages-message-fr\">Les informations en langue fran\u00e7aise seront disponibles bient\u00f4t.<\/p>","protected":false},"excerpt":{"rendered":"<p>Les informations en langue fran\u00e7aise seront disponibles bient\u00f4t.<\/p>\n","protected":false},"author":1,"featured_media":0,"parent":0,"menu_order":0,"comment_status":"closed","ping_status":"closed","template":"","meta":[],"_links":{"self":[{"href":"https:\/\/ruhago-impitagihe.com\/fr\/wp-json\/wp\/v2\/pages\/34"}],"collection":[{"href":"https:\/\/ruhago-impitagihe.com\/fr\/wp-json\/wp\/v2\/pages"}],"about":[{"href":"https:\/\/ruhago-impitagihe.com\/fr\/wp-json\/wp\/v2\/types\/page"}],"author":[{"embeddable":true,"href":"https:\/\/ruhago-impitagihe.com\/fr\/wp-json\/wp\/v2\/users\/1"}],"replies":[{"embeddable":true,"href":"https:\/\/ruhago-impitagihe.com\/fr\/wp-json\/wp\/v2\/comments?post=34"}],"version-history":[{"count":1,"href":"https:\/\/ruhago-impitagihe.com\/fr\/wp-json\/wp\/v2\/pages\/34\/revisions"}],"predecessor-version":[{"id":174,"href":"https:\/\/ruhago-impitagihe.com\/fr\/wp-json\/wp\/v2\/pages\/34\/revisions\/174"}],"wp:attachment":[{"href":"https:\/\/ruhago-impitagihe.com\/fr\/wp-json\/wp\/v2\/media?parent=34"}],"curies":[{"name":"wp","href":"https:\/\/api.w.org\/{rel}","templated":true}]}}